{"id":229,"date":"2023-10-12T10:45:46","date_gmt":"2023-10-12T08:45:46","guid":{"rendered":"https:\/\/caroleseguin.fr\/?page_id=229"},"modified":"2024-02-20T16:48:40","modified_gmt":"2024-02-20T15:48:40","slug":"ma-video-capillaire-gratuite","status":"publish","type":"page","link":"https:\/\/caroleseguin.fr\/index.php\/ma-video-capillaire-gratuite\/","title":{"rendered":"Ma recette capillaire gratuite"},"content":{"rendered":"<h1><span style=\"color: #ff0000;\"><strong>T\u00e9l\u00e9charge d\u00e8s maintenant la RECETTE CAPILLAIRE qui va radicalement transformer ta vie capillaire ! <\/strong><\/span><\/h1>\n<h2><span style=\"color: #008000;\"><strong>Et obtiens-toi aussi une chevelure saine, souple et brillante dont tu te sens fi\u00e8re.<\/strong><\/span><\/h2>\n<p style=\"text-align: center;\"><a class=\"maxbutton-7 maxbutton maxbutton-je-telecharge\" target=\"_blank\" rel=\"noopener\" href=\"https:\/\/caroleseguin.kartra.com\/page\/recettecapillaire\"><span class='mb-text'>Je t\u00e9l\u00e9charge !<\/span><\/a><\/p>\n<p>&nbsp;<\/p>\n<p><img loading=\"lazy\" decoding=\"async\" class=\" wp-image-231 aligncenter\" src=\"http:\/\/caroleseguin.fr\/wp-content\/uploads\/2023\/10\/pexels-vlada-karpovich-4668521-200x300.jpg\" alt=\"\" width=\"231\" height=\"347\" srcset=\"https:\/\/caroleseguin.fr\/wp-content\/uploads\/2023\/10\/pexels-vlada-karpovich-4668521-200x300.jpg 200w, https:\/\/caroleseguin.fr\/wp-content\/uploads\/2023\/10\/pexels-vlada-karpovich-4668521-683x1024.jpg 683w, https:\/\/caroleseguin.fr\/wp-content\/uploads\/2023\/10\/pexels-vlada-karpovich-4668521-768x1152.jpg 768w, https:\/\/caroleseguin.fr\/wp-content\/uploads\/2023\/10\/pexels-vlada-karpovich-4668521-1024x1536.jpg 1024w, https:\/\/caroleseguin.fr\/wp-content\/uploads\/2023\/10\/pexels-vlada-karpovich-4668521-1365x2048.jpg 1365w, https:\/\/caroleseguin.fr\/wp-content\/uploads\/2023\/10\/pexels-vlada-karpovich-4668521-scaled.jpg 1707w\" sizes=\"auto, (max-width: 231px) 100vw, 231px\" \/><\/p>\n<div data-cke-filler-webkit=\"end\" data-cke-temp=\"1\"><img loading=\"lazy\" decoding=\"async\" class=\"size-medium wp-image-8 aligncenter\" src=\"http:\/\/caroleseguin.fr\/wp-content\/uploads\/2023\/09\/Logo-Carole-Seguin_Coaching-capillaire-e1695553736504-300x165.png\" sizes=\"auto, (max-width: 300px) 100vw, 300px\" srcset=\"https:\/\/caroleseguin.fr\/wp-content\/uploads\/2023\/09\/Logo-Carole-Seguin_Coaching-capillaire-e1695553736504-300x165.png 300w, https:\/\/caroleseguin.fr\/wp-content\/uploads\/2023\/09\/Logo-Carole-Seguin_Coaching-capillaire-e1695553736504-1024x564.png 1024w, https:\/\/caroleseguin.fr\/wp-content\/uploads\/2023\/09\/Logo-Carole-Seguin_Coaching-capillaire-e1695553736504-768x423.png 768w, https:\/\/caroleseguin.fr\/wp-content\/uploads\/2023\/09\/Logo-Carole-Seguin_Coaching-capillaire-e1695553736504.png 1080w\" alt=\"\" width=\"300\" height=\"165\" \/><\/div>\n<div data-cke-filler-webkit=\"end\" data-cke-temp=\"1\"><\/div>\n<p><img loading=\"lazy\" decoding=\"async\" class=\"wp-image-11 aligncenter\" src=\"http:\/\/caroleseguin.fr\/wp-content\/uploads\/2023\/09\/Capture-carole-257x300.png\" sizes=\"auto, (max-width: 121px) 100vw, 121px\" srcset=\"https:\/\/caroleseguin.fr\/wp-content\/uploads\/2023\/09\/Capture-carole-257x300.png 257w, https:\/\/caroleseguin.fr\/wp-content\/uploads\/2023\/09\/Capture-carole.png 633w\" alt=\"\" width=\"121\" height=\"141\" \/><\/p>\n<div id=\"page\" class=\"page container-fluid\">\n<div id=\"page_background_color\" class=\"row\">\n<div id=\"_bkla87r55\" class=\"content content--padding-extra-small content--padding-top-none\">\n<div>\n<div>\n<div class=\"container\">\n<div class=\"row\" data-component=\"grid\">\n<div class=\"col-md-4 column--padding-bottom-small\">\n<div class=\"js_kartra_component_holder\">\n<div data-component=\"headline\">\n<div class=\"kartra_headline kartra_headline--bright-yellow kartra_headline--open-sans-font kartra_headline--h6 kartra_headline--font-weight-regular kartra_headline--sm-text-center kartra_headline--margin-bottom-small\" aria-controls=\"cke_660\" aria-activedescendant=\"\" aria-autocomplete=\"list\" aria-expanded=\"false\">\n<p><span style=\"font-size: 10pt;\"><strong>Carole SEGUIN, coach capillaire certifi\u00e9e<\/strong><\/span><\/p>\n<\/div>\n<\/div>\n<div data-component=\"text\">\n<div class=\"kartra_text kartra_text--sm-text-center kartra_text--extra-small kartra_text--white kartra_text--open-sans-font kartra_text--font-weight-regular\" aria-controls=\"cke_82\" aria-activedescendant=\"\" aria-autocomplete=\"list\" aria-expanded=\"false\">\n<p><span style=\"font-size: 10pt;\">Je suis passionn\u00e9e par la beaut\u00e9, les bienfaits et la valorisation des cheveux naturels depuis 2013.<\/span><\/p>\n<p><span style=\"font-size: 10pt;\">Avec ma certification de Coach professionnelle, sp\u00e9cialiste de l\u2019Accompagnement au changement, mon intention est de rendre\u00a0<strong>chaque Femme irr\u00e9sistiblement belle et confiante avec sa Chevelure Haute Puissance !<\/strong><\/span><\/p>\n<p><span style=\"font-size: 10pt;\"><a href=\"http:\/\/www.linktr.ee\/caroleseguin?uuid=1f5d5714-fd22-403f-859a-ed95e8551175&amp;kref=daJVL5kyDgZa\" target=\"_parent\" rel=\"noopener\" data-frame-id=\"_bkla87r55\"><u>Retrouve mon Univers capillaire ICI<\/u><\/a><\/span><\/p>\n<\/div>\n<\/div>\n<\/div>\n<\/div>\n<\/div>\n<\/div>\n<\/div>\n<div class=\"kartra_element_bg kartra_element_bg--padding-top-special-medium kartra_element_bg--padding-bottom-tiny\" data-component=\"bundle\">\n<div class=\"background-item\" data-was-processed=\"true\"><span style=\"font-size: 10pt;\">Email : contact@my-afro.com<\/span><\/div>\n<div data-was-processed=\"true\"><\/div>\n<div data-was-processed=\"true\"><\/div>\n<div class=\"container\">\n<div class=\"row row--equal\" data-component=\"grid\">\n<div class=\"col-md-7 column--vertical-center\">\n<div class=\"kartra_link_wrapper kartra_link_wrapper--flex kartra_link_wrapper--align-left kartra_link_wrapper--sm-align-center kartra_link_wrapper--margin-bottom-small\" data-component=\"bundle\"><\/div>\n<\/div>\n<div class=\"col-md-5 column--vertical-center\">\n<div class=\"js_kartra_component_holder\">\n<div data-component=\"text\">\n<div class=\"kartra_text kartra_text--open-sans-font kartra_text--font-weight-regular kartra_text--dim-black kartra_text--text-right kartra_text--sm-text-center kartra_text--margin-bottom-special-medium\" aria-controls=\"cke_4924\" aria-activedescendant=\"\" aria-autocomplete=\"list\" aria-expanded=\"false\">\n<p><span style=\"font-size: 8pt;\">\u00a9 2024 \u2013 Tous droits r\u00e9serv\u00e9s par Carole SEGUIN \u2013 Coaching capillaire sur-mesure \u2013 N\u00b0 SIRET 880 316 088 00017<\/span><\/p>\n<\/div>\n<\/div>\n<\/div>\n<\/div>\n<\/div>\n<\/div>\n<\/div>\n<\/div>\n<\/div>\n<\/div>\n<\/div>\n<p>&nbsp;<\/p>\n","protected":false},"excerpt":{"rendered":"<p>T\u00e9l\u00e9charge d\u00e8s maintenant la RECETTE CAPILLAIRE qui va radicalement transformer ta vie capillaire ! Et obtiens-toi aussi une chevelure saine, souple et brillante dont tu te sens fi\u00e8re. &nbsp; Carole SEGUIN, coach capillaire certifi\u00e9e Je suis passionn\u00e9e par la beaut\u00e9, les bienfaits et la valorisation des cheveux naturels depuis 2013. Avec ma certification de Coach &hellip; <\/p>\n<p class=\"link-more\"><a href=\"https:\/\/caroleseguin.fr\/index.php\/ma-video-capillaire-gratuite\/\" class=\"more-link\">Continuer la lecture<span class=\"screen-reader-text\"> de &laquo;&nbsp;Ma recette capillaire gratuite&nbsp;&raquo;<\/span><\/a><\/p>\n","protected":false},"author":1,"featured_media":0,"parent":0,"menu_order":0,"comment_status":"closed","ping_status":"closed","template":"","meta":{"_seopress_robots_primary_cat":"","_seopress_titles_title":"","_seopress_titles_desc":"","_seopress_robots_index":"","_uag_custom_page_level_css":"","footnotes":""},"class_list":["post-229","page","type-page","status-publish","hentry"],"uagb_featured_image_src":{"full":false,"thumbnail":false,"medium":false,"medium_large":false,"large":false,"1536x1536":false,"2048x2048":false,"twentyseventeen-featured-image":false,"twentyseventeen-thumbnail-avatar":false},"uagb_author_info":{"display_name":"admin4723","author_link":"https:\/\/caroleseguin.fr\/index.php\/author\/admin4723\/"},"uagb_comment_info":0,"uagb_excerpt":"T\u00e9l\u00e9charge d\u00e8s maintenant la RECETTE CAPILLAIRE qui va radicalement transformer ta vie capillaire ! Et obtiens-toi aussi une chevelure saine, souple et brillante dont tu te sens fi\u00e8re. &nbsp; Carole SEGUIN, coach capillaire certifi\u00e9e Je suis passionn\u00e9e par la beaut\u00e9, les bienfaits et la valorisation des cheveux naturels depuis 2013. Avec ma certification de Coach\u2026","_links":{"self":[{"href":"https:\/\/caroleseguin.fr\/index.php\/wp-json\/wp\/v2\/pages\/229","targetHints":{"allow":["GET"]}}],"collection":[{"href":"https:\/\/caroleseguin.fr\/index.php\/wp-json\/wp\/v2\/pages"}],"about":[{"href":"https:\/\/caroleseguin.fr\/index.php\/wp-json\/wp\/v2\/types\/page"}],"author":[{"embeddable":true,"href":"https:\/\/caroleseguin.fr\/index.php\/wp-json\/wp\/v2\/users\/1"}],"replies":[{"embeddable":true,"href":"https:\/\/caroleseguin.fr\/index.php\/wp-json\/wp\/v2\/comments?post=229"}],"version-history":[{"count":8,"href":"https:\/\/caroleseguin.fr\/index.php\/wp-json\/wp\/v2\/pages\/229\/revisions"}],"predecessor-version":[{"id":275,"href":"https:\/\/caroleseguin.fr\/index.php\/wp-json\/wp\/v2\/pages\/229\/revisions\/275"}],"wp:attachment":[{"href":"https:\/\/caroleseguin.fr\/index.php\/wp-json\/wp\/v2\/media?parent=229"}],"curies":[{"name":"wp","href":"https:\/\/api.w.org\/{rel}","templated":true}]}}